{"id":47,"date":"2021-07-18T11:22:15","date_gmt":"2021-07-18T11:22:15","guid":{"rendered":"https:\/\/creativthemes.com\/theme-demo\/vigor\/?page_id=47"},"modified":"2024-08-02T16:18:13","modified_gmt":"2024-08-02T13:18:13","slug":"iletisim","status":"publish","type":"page","link":"https:\/\/erdogdu.com\/en\/iletisim\/","title":{"rendered":"Contact"},"content":{"rendered":"\t\t<div data-elementor-type=\"wp-page\" data-elementor-id=\"47\" class=\"elementor elementor-47\" data-elementor-settings=\"{&quot;ha_cmc_init_switcher&quot;:&quot;no&quot;}\">\n\t\t\t\t\t\t<section class=\"elementor-section elementor-top-section elementor-element elementor-element-aac1ae3 elementor-section-boxed elementor-section-height-default elementor-section-height-default wpr-particle-no wpr-jarallax-no wpr-parallax-no wpr-sticky-section-no wpr-equal-height-no\" data-id=\"aac1ae3\" data-element_type=\"section\" data-e-type=\"section\" data-settings=\"{&quot;_ha_eqh_enable&quot;:false}\">\n\t\t\t\t\t\t<div class=\"elementor-container elementor-column-gap-default\">\n\t\t\t\t\t<div class=\"elementor-column elementor-col-100 elementor-top-column elementor-element elementor-element-1da4c7f\" data-id=\"1da4c7f\" data-element_type=\"column\" data-e-type=\"column\">\n\t\t\t<div class=\"elementor-widget-wrap elementor-element-populated\">\n\t\t\t\t\t\t<div class=\"elementor-element elementor-element-3a83f2d elementor-widget elementor-widget-google_maps\" data-id=\"3a83f2d\" data-element_type=\"widget\" data-e-type=\"widget\" data-widget_type=\"google_maps.default\">\n\t\t\t\t<div class=\"elementor-widget-container\">\n\t\t\t\t\t\t\t<div class=\"elementor-custom-embed\">\n\t\t\t<iframe\n\t\t\t\t\tdata-src=\"https:\/\/maps.google.com\/maps?q=Erdo%C4%9Fdu%20Ayakkab%C4%B1%20Malzemeleri&#038;t=m&#038;z=10&#038;output=embed&#038;iwloc=near\"\n\t\t\t\t\ttitle=\"Erdo\u011fdu Ayakkab\u0131 Malzemeleri\"\n\t\t\t\t\taria-label=\"Erdo\u011fdu Ayakkab\u0131 Malzemeleri\"\n\t\t\t src=\"data:image\/svg+xml;base64,PHN2ZyB3aWR0aD0iMSIgaGVpZ2h0PSIxIiB4bWxucz0iaHR0cDovL3d3dy53My5vcmcvMjAwMC9zdmciPjwvc3ZnPg==\" class=\"lazyload\" data-load-mode=\"1\"><\/iframe>\n\t\t<\/div>\n\t\t\t\t\t\t<\/div>\n\t\t\t\t<\/div>\n\t\t\t\t\t<\/div>\n\t\t<\/div>\n\t\t\t\t\t<\/div>\n\t\t<\/section>\n\t\t\t\t<section class=\"elementor-section elementor-top-section elementor-element elementor-element-b99fcb5 elementor-section-boxed elementor-section-height-default elementor-section-height-default wpr-particle-no wpr-jarallax-no wpr-parallax-no wpr-sticky-section-no wpr-equal-height-no\" data-id=\"b99fcb5\" data-element_type=\"section\" data-e-type=\"section\" data-settings=\"{&quot;_ha_eqh_enable&quot;:false}\">\n\t\t\t\t\t\t<div class=\"elementor-container elementor-column-gap-default\">\n\t\t\t\t\t<div class=\"elementor-column elementor-col-50 elementor-top-column elementor-element elementor-element-49c311f\" data-id=\"49c311f\" data-element_type=\"column\" data-e-type=\"column\">\n\t\t\t<div class=\"elementor-widget-wrap elementor-element-populated\">\n\t\t\t\t\t\t<div class=\"elementor-element elementor-element-10fe460 elementor-widget elementor-widget-heading\" data-id=\"10fe460\" data-element_type=\"widget\" data-e-type=\"widget\" data-widget_type=\"heading.default\">\n\t\t\t\t<div class=\"elementor-widget-container\">\n\t\t\t\t\t<h3 class=\"elementor-heading-title elementor-size-default\">\u0130leti\u015fim Bilgilerimiz<\/h3>\t\t\t\t<\/div>\n\t\t\t\t<\/div>\n\t\t\t\t<div class=\"elementor-element elementor-element-31b6010 elementor-widget elementor-widget-text-editor\" data-id=\"31b6010\" data-element_type=\"widget\" data-e-type=\"widget\" data-widget_type=\"text-editor.default\">\n\t\t\t\t<div class=\"elementor-widget-container\">\n\t\t\t\t\t\t\t\t\t<p><strong>Erdo\u011fdu Group<\/strong><\/p><ul><li>Ak\u00e7aburgaz Mh., 3042. Sk No:12, 34522 Esenyurt\/\u0130stanbul<\/li><li>E-Posta: bilgi@erdogdu.com<\/li><li>Telefon: 444 9 373<\/li><li>Fax: +90 (212) 671 81 27<\/li><\/ul><p><strong style=\"color: var( --e-global-color-text ); font-family: var( --e-global-typography-text-font-family ), Sans-serif;\">G\u00fcng\u00f6ren \u015eubesi<\/strong><\/p><ul><li>Sancaktepe Sanayi Mah. Ferah Sok. No:9 G\u00fcng\u00f6ren, \u0130stanbul<\/li><li>Telefon: 444 9 373<\/li><li>Fax: +90 (212) 637 80 51<\/li><\/ul>\t\t\t\t\t\t\t\t<\/div>\n\t\t\t\t<\/div>\n\t\t\t\t\t<\/div>\n\t\t<\/div>\n\t\t\t\t<div class=\"elementor-column elementor-col-50 elementor-top-column elementor-element elementor-element-d9c15a2\" data-id=\"d9c15a2\" data-element_type=\"column\" data-e-type=\"column\">\n\t\t\t<div class=\"elementor-widget-wrap elementor-element-populated\">\n\t\t\t\t\t\t<div class=\"elementor-element elementor-element-8edf492 elementor-widget elementor-widget-wpforms\" data-id=\"8edf492\" data-element_type=\"widget\" data-e-type=\"widget\" data-widget_type=\"wpforms.default\">\n\t\t\t\t<div class=\"elementor-widget-container\">\n\t\t\t\t\t<div class=\"wpforms-container wpforms-container-full\" id=\"wpforms-2009\"><form id=\"wpforms-form-2009\" class=\"wpforms-validate wpforms-form wpforms-ajax-form\" data-formid=\"2009\" method=\"post\" enctype=\"multipart\/form-data\" action=\"\/en\/wp-json\/wp\/v2\/pages\/47\" data-token=\"9165dbcea670c417efadbd9596a18978\" data-token-time=\"1777214487\"><div class=\"wpforms-head-container\"><div class=\"wpforms-title\">\u0130leti\u015fim Formu<\/div><\/div><noscript class=\"wpforms-error-noscript\">Please enable JavaScript in your browser to complete this form.<\/noscript><div class=\"wpforms-field-container\"><div id=\"wpforms-2009-field_0-container\" class=\"wpforms-field wpforms-field-name\" data-field-id=\"0\"><label class=\"wpforms-field-label\">\u0130sminiz <span class=\"wpforms-required-label\">*<\/span><\/label><div class=\"wpforms-field-row wpforms-field-medium\"><div class=\"wpforms-field-row-block wpforms-first wpforms-one-half\"><input type=\"text\" id=\"wpforms-2009-field_0\" class=\"wpforms-field-name-first wpforms-field-required\" name=\"wpforms[fields][0][first]\" placeholder=\"Ad\" required><label for=\"wpforms-2009-field_0\" class=\"wpforms-field-sublabel after\">First<\/label><\/div><div class=\"wpforms-field-row-block wpforms-one-half\"><input type=\"text\" id=\"wpforms-2009-field_0-last\" class=\"wpforms-field-name-last wpforms-field-required\" name=\"wpforms[fields][0][last]\" placeholder=\"Soyad\" required><label for=\"wpforms-2009-field_0-last\" class=\"wpforms-field-sublabel after\">Last<\/label><\/div><\/div><\/div><div id=\"wpforms-2009-field_1-container\" class=\"wpforms-field wpforms-field-email\" data-field-id=\"1\"><label class=\"wpforms-field-label\" for=\"wpforms-2009-field_1\">E-posta Adresiniz <span class=\"wpforms-required-label\">*<\/span><\/label><input type=\"email\" id=\"wpforms-2009-field_1\" class=\"wpforms-field-medium wpforms-field-required\" name=\"wpforms[fields][1]\" placeholder=\"isim@\u00f6rnek.com\" spellcheck=\"false\" required><\/div><div id=\"wpforms-2009-field_2-container\" class=\"wpforms-field wpforms-field-textarea\" data-field-id=\"2\"><label class=\"wpforms-field-label\" for=\"wpforms-2009-field_2\">Mesaj\u0131n\u0131z <span class=\"wpforms-required-label\">*<\/span><\/label><textarea id=\"wpforms-2009-field_2\" class=\"wpforms-field-medium wpforms-field-required\" name=\"wpforms[fields][2]\" placeholder=\"Mesaj\u0131n\u0131z\u0131 buraya yaz\u0131n\" required><\/textarea><\/div><\/div><!-- .wpforms-field-container --><div class=\"wpforms-recaptcha-container wpforms-is-recaptcha wpforms-is-recaptcha-type-v2\" ><div class=\"g-recaptcha\" data-sitekey=\"6LfQCKwpAAAAAI_Go4U8pfinyK0M0yfG4gbu3kpt\"><\/div><input type=\"text\" name=\"g-recaptcha-hidden\" class=\"wpforms-recaptcha-hidden\" style=\"position:absolute!important;clip:rect(0,0,0,0)!important;height:1px!important;width:1px!important;border:0!important;overflow:hidden!important;padding:0!important;margin:0!important;\" data-rule-recaptcha=\"1\"><\/div><div class=\"wpforms-submit-container\" ><input type=\"hidden\" name=\"wpforms[id]\" value=\"2009\"><input type=\"hidden\" name=\"page_title\" value=\"\"><input type=\"hidden\" name=\"page_url\" value=\"https:\/\/erdogdu.com\/en\/wp-json\/wp\/v2\/pages\/47\"><input type=\"hidden\" name=\"url_referer\" value=\"\"><button type=\"submit\" name=\"wpforms[submit]\" id=\"wpforms-submit-2009\" class=\"wpforms-submit\" data-alt-text=\"G\u00f6nderiliyor...\" data-submit-text=\"G\u00f6nder\" aria-live=\"assertive\" value=\"wpforms-submit\">G\u00f6nder<\/button><img decoding=\"async\" data-src=\"https:\/\/erdogdu.com\/wp-content\/plugins\/wpforms-lite\/assets\/images\/submit-spin.svg\" class=\"wpforms-submit-spinner lazyload\" style=\"--smush-placeholder-width: 26px; --smush-placeholder-aspect-ratio: 26\/26;display: none;\" width=\"26\" height=\"26\" alt=\"Loading\" src=\"data:image\/svg+xml;base64,PHN2ZyB3aWR0aD0iMSIgaGVpZ2h0PSIxIiB4bWxucz0iaHR0cDovL3d3dy53My5vcmcvMjAwMC9zdmciPjwvc3ZnPg==\"><\/div><\/form><\/div>  <!-- .wpforms-container -->\t\t\t\t<\/div>\n\t\t\t\t<\/div>\n\t\t\t\t\t<\/div>\n\t\t<\/div>\n\t\t\t\t\t<\/div>\n\t\t<\/section>\n\t\t\t\t<\/div>\n\t\t","protected":false},"excerpt":{"rendered":"<p>\u0130leti\u015fim Bilgilerimiz Erdo\u011fdu Group Ak\u00e7aburgaz Mh., 3042. Sk No:12, 34522 Esenyurt\/\u0130stanbul E-Posta: bilgi@erdogdu.com Telefon: 444 9 373 Fax: +90 (212) 671 81 27 G\u00fcng\u00f6ren \u015eubesi Sancaktepe Sanayi Mah. Ferah Sok.&hellip;<\/p>\n<p> <a class=\"more-link\" href=\"https:\/\/erdogdu.com\/en\/iletisim\/\">Read more<\/a><\/p>","protected":false},"author":2,"featured_media":0,"parent":0,"menu_order":0,"comment_status":"closed","ping_status":"closed","template":"","meta":{"_joinchat":[],"footnotes":""},"class_list":["post-47","page","type-page","status-publish"],"yoast_head":"<!-- This site is optimized with the Yoast SEO plugin v27.4 - https:\/\/yoast.com\/product\/yoast-seo-wordpress\/ -->\n<title>\u0130leti\u015fim - Erdo\u011fdu Ayakkab\u0131 Malzemeleri<\/title>\n<meta name=\"description\" content=\"Bize Ula\u015f\u0131n: Erdo\u011fdu Group ile ileti\u015fime ge\u00e7mek i\u00e7in ileti\u015fim bilgileri ve form. Sorular\u0131n\u0131z ve talepleriniz i\u00e7in buraday\u0131z.\" \/>\n<meta name=\"robots\" content=\"index, follow, max-snippet:-1, max-image-preview:large, max-video-preview:-1\" \/>\n<link rel=\"canonical\" href=\"https:\/\/erdogdu.com\/en\/iletisim\/\" \/>\n<meta property=\"og:locale\" content=\"en_GB\" \/>\n<meta property=\"og:type\" content=\"article\" \/>\n<meta property=\"og:title\" content=\"\u0130leti\u015fim - Erdo\u011fdu Ayakkab\u0131 Malzemeleri\" \/>\n<meta property=\"og:description\" content=\"Bize Ula\u015f\u0131n: Erdo\u011fdu Group ile ileti\u015fime ge\u00e7mek i\u00e7in ileti\u015fim bilgileri ve form. Sorular\u0131n\u0131z ve talepleriniz i\u00e7in buraday\u0131z.\" \/>\n<meta property=\"og:url\" content=\"https:\/\/erdogdu.com\/en\/iletisim\/\" \/>\n<meta property=\"og:site_name\" content=\"Erdo\u011fdu Ayakkab\u0131 Malzemeleri\" \/>\n<meta property=\"article:publisher\" content=\"https:\/\/www.facebook.com\/erdogdugroup\/\" \/>\n<meta property=\"article:modified_time\" content=\"2024-08-02T13:18:13+00:00\" \/>\n<meta property=\"og:image\" content=\"https:\/\/erdogdu.com\/wp-content\/plugins\/wpforms-lite\/assets\/images\/submit-spin.svg\" \/>\n<meta name=\"twitter:card\" content=\"summary_large_image\" \/>\n<meta name=\"twitter:site\" content=\"@erdogdugroup\" \/>\n<meta name=\"twitter:label1\" content=\"Estimated reading time\" \/>\n\t<meta name=\"twitter:data1\" content=\"1 minute\" \/>\n<script type=\"application\/ld+json\" class=\"yoast-schema-graph\">{\"@context\":\"https:\\\/\\\/schema.org\",\"@graph\":[{\"@type\":\"WebPage\",\"@id\":\"https:\\\/\\\/erdogdu.com\\\/iletisim\\\/\",\"url\":\"https:\\\/\\\/erdogdu.com\\\/iletisim\\\/\",\"name\":\"\u0130leti\u015fim - Erdo\u011fdu Ayakkab\u0131 Malzemeleri\",\"isPartOf\":{\"@id\":\"https:\\\/\\\/erdogdu.com\\\/#website\"},\"primaryImageOfPage\":{\"@id\":\"https:\\\/\\\/erdogdu.com\\\/iletisim\\\/#primaryimage\"},\"image\":{\"@id\":\"https:\\\/\\\/erdogdu.com\\\/iletisim\\\/#primaryimage\"},\"thumbnailUrl\":\"https:\\\/\\\/erdogdu.com\\\/wp-content\\\/plugins\\\/wpforms-lite\\\/assets\\\/images\\\/submit-spin.svg\",\"datePublished\":\"2021-07-18T11:22:15+00:00\",\"dateModified\":\"2024-08-02T13:18:13+00:00\",\"description\":\"Bize Ula\u015f\u0131n: Erdo\u011fdu Group ile ileti\u015fime ge\u00e7mek i\u00e7in ileti\u015fim bilgileri ve form. Sorular\u0131n\u0131z ve talepleriniz i\u00e7in buraday\u0131z.\",\"breadcrumb\":{\"@id\":\"https:\\\/\\\/erdogdu.com\\\/iletisim\\\/#breadcrumb\"},\"inLanguage\":\"en-GB\",\"potentialAction\":[{\"@type\":\"ReadAction\",\"target\":[\"https:\\\/\\\/erdogdu.com\\\/iletisim\\\/\"]}]},{\"@type\":\"ImageObject\",\"inLanguage\":\"en-GB\",\"@id\":\"https:\\\/\\\/erdogdu.com\\\/iletisim\\\/#primaryimage\",\"url\":\"https:\\\/\\\/erdogdu.com\\\/wp-content\\\/plugins\\\/wpforms-lite\\\/assets\\\/images\\\/submit-spin.svg\",\"contentUrl\":\"https:\\\/\\\/erdogdu.com\\\/wp-content\\\/plugins\\\/wpforms-lite\\\/assets\\\/images\\\/submit-spin.svg\"},{\"@type\":\"BreadcrumbList\",\"@id\":\"https:\\\/\\\/erdogdu.com\\\/iletisim\\\/#breadcrumb\",\"itemListElement\":[{\"@type\":\"ListItem\",\"position\":1,\"name\":\"Anasayfa\",\"item\":\"https:\\\/\\\/erdogdu.com\\\/\"},{\"@type\":\"ListItem\",\"position\":2,\"name\":\"\u0130leti\u015fim\"}]},{\"@type\":\"WebSite\",\"@id\":\"https:\\\/\\\/erdogdu.com\\\/#website\",\"url\":\"https:\\\/\\\/erdogdu.com\\\/\",\"name\":\"Erdo\u011fdu Ayakkab\u0131 Malzemeleri\",\"description\":\"\u00dcr\u00fcnler ve Kampanyalar\",\"publisher\":{\"@id\":\"https:\\\/\\\/erdogdu.com\\\/#organization\"},\"potentialAction\":[{\"@type\":\"SearchAction\",\"target\":{\"@type\":\"EntryPoint\",\"urlTemplate\":\"https:\\\/\\\/erdogdu.com\\\/?s={search_term_string}\"},\"query-input\":{\"@type\":\"PropertyValueSpecification\",\"valueRequired\":true,\"valueName\":\"search_term_string\"}}],\"inLanguage\":\"en-GB\"},{\"@type\":\"Organization\",\"@id\":\"https:\\\/\\\/erdogdu.com\\\/#organization\",\"name\":\"Erdo\u011fdu Ayakkab\u0131 Malzemeleri\",\"url\":\"https:\\\/\\\/erdogdu.com\\\/\",\"logo\":{\"@type\":\"ImageObject\",\"inLanguage\":\"en-GB\",\"@id\":\"https:\\\/\\\/erdogdu.com\\\/#\\\/schema\\\/logo\\\/image\\\/\",\"url\":\"https:\\\/\\\/i0.wp.com\\\/erdogdu.com\\\/wp-content\\\/uploads\\\/2021\\\/08\\\/logi-e1631543914998.png?fit=314%2C80&ssl=1\",\"contentUrl\":\"https:\\\/\\\/i0.wp.com\\\/erdogdu.com\\\/wp-content\\\/uploads\\\/2021\\\/08\\\/logi-e1631543914998.png?fit=314%2C80&ssl=1\",\"width\":314,\"height\":80,\"caption\":\"Erdo\u011fdu Ayakkab\u0131 Malzemeleri\"},\"image\":{\"@id\":\"https:\\\/\\\/erdogdu.com\\\/#\\\/schema\\\/logo\\\/image\\\/\"},\"sameAs\":[\"https:\\\/\\\/www.facebook.com\\\/erdogdugroup\\\/\",\"https:\\\/\\\/x.com\\\/erdogdugroup\",\"https:\\\/\\\/www.instagram.com\\\/ErdogduGroup\\\/\",\"https:\\\/\\\/www.linkedin.com\\\/company\\\/erdogdu-group\",\"https:\\\/\\\/www.youtube.com\\\/channel\\\/UCddPf6mjpkF60BNbV7X5glQ\"]}]}<\/script>\n<!-- \/ Yoast SEO plugin. -->","yoast_head_json":{"title":"\u0130leti\u015fim - Erdo\u011fdu Ayakkab\u0131 Malzemeleri","description":"Bize Ula\u015f\u0131n: Erdo\u011fdu Group ile ileti\u015fime ge\u00e7mek i\u00e7in ileti\u015fim bilgileri ve form. Sorular\u0131n\u0131z ve talepleriniz i\u00e7in buraday\u0131z.","robots":{"index":"index","follow":"follow","max-snippet":"max-snippet:-1","max-image-preview":"max-image-preview:large","max-video-preview":"max-video-preview:-1"},"canonical":"https:\/\/erdogdu.com\/en\/iletisim\/","og_locale":"en_GB","og_type":"article","og_title":"\u0130leti\u015fim - Erdo\u011fdu Ayakkab\u0131 Malzemeleri","og_description":"Bize Ula\u015f\u0131n: Erdo\u011fdu Group ile ileti\u015fime ge\u00e7mek i\u00e7in ileti\u015fim bilgileri ve form. Sorular\u0131n\u0131z ve talepleriniz i\u00e7in buraday\u0131z.","og_url":"https:\/\/erdogdu.com\/en\/iletisim\/","og_site_name":"Erdo\u011fdu Ayakkab\u0131 Malzemeleri","article_publisher":"https:\/\/www.facebook.com\/erdogdugroup\/","article_modified_time":"2024-08-02T13:18:13+00:00","og_image":[{"url":"https:\/\/erdogdu.com\/wp-content\/plugins\/wpforms-lite\/assets\/images\/submit-spin.svg","type":"","width":"","height":""}],"twitter_card":"summary_large_image","twitter_site":"@erdogdugroup","twitter_misc":{"Estimated reading time":"1 minute"},"schema":{"@context":"https:\/\/schema.org","@graph":[{"@type":"WebPage","@id":"https:\/\/erdogdu.com\/iletisim\/","url":"https:\/\/erdogdu.com\/iletisim\/","name":"\u0130leti\u015fim - Erdo\u011fdu Ayakkab\u0131 Malzemeleri","isPartOf":{"@id":"https:\/\/erdogdu.com\/#website"},"primaryImageOfPage":{"@id":"https:\/\/erdogdu.com\/iletisim\/#primaryimage"},"image":{"@id":"https:\/\/erdogdu.com\/iletisim\/#primaryimage"},"thumbnailUrl":"https:\/\/erdogdu.com\/wp-content\/plugins\/wpforms-lite\/assets\/images\/submit-spin.svg","datePublished":"2021-07-18T11:22:15+00:00","dateModified":"2024-08-02T13:18:13+00:00","description":"Bize Ula\u015f\u0131n: Erdo\u011fdu Group ile ileti\u015fime ge\u00e7mek i\u00e7in ileti\u015fim bilgileri ve form. Sorular\u0131n\u0131z ve talepleriniz i\u00e7in buraday\u0131z.","breadcrumb":{"@id":"https:\/\/erdogdu.com\/iletisim\/#breadcrumb"},"inLanguage":"en-GB","potentialAction":[{"@type":"ReadAction","target":["https:\/\/erdogdu.com\/iletisim\/"]}]},{"@type":"ImageObject","inLanguage":"en-GB","@id":"https:\/\/erdogdu.com\/iletisim\/#primaryimage","url":"https:\/\/erdogdu.com\/wp-content\/plugins\/wpforms-lite\/assets\/images\/submit-spin.svg","contentUrl":"https:\/\/erdogdu.com\/wp-content\/plugins\/wpforms-lite\/assets\/images\/submit-spin.svg"},{"@type":"BreadcrumbList","@id":"https:\/\/erdogdu.com\/iletisim\/#breadcrumb","itemListElement":[{"@type":"ListItem","position":1,"name":"Anasayfa","item":"https:\/\/erdogdu.com\/"},{"@type":"ListItem","position":2,"name":"\u0130leti\u015fim"}]},{"@type":"WebSite","@id":"https:\/\/erdogdu.com\/#website","url":"https:\/\/erdogdu.com\/","name":"Erdo\u011fdu Ayakkab\u0131 Malzemeleri","description":"\u00dcr\u00fcnler ve Kampanyalar","publisher":{"@id":"https:\/\/erdogdu.com\/#organization"},"potentialAction":[{"@type":"SearchAction","target":{"@type":"EntryPoint","urlTemplate":"https:\/\/erdogdu.com\/?s={search_term_string}"},"query-input":{"@type":"PropertyValueSpecification","valueRequired":true,"valueName":"search_term_string"}}],"inLanguage":"en-GB"},{"@type":"Organization","@id":"https:\/\/erdogdu.com\/#organization","name":"Erdo\u011fdu Ayakkab\u0131 Malzemeleri","url":"https:\/\/erdogdu.com\/","logo":{"@type":"ImageObject","inLanguage":"en-GB","@id":"https:\/\/erdogdu.com\/#\/schema\/logo\/image\/","url":"https:\/\/i0.wp.com\/erdogdu.com\/wp-content\/uploads\/2021\/08\/logi-e1631543914998.png?fit=314%2C80&ssl=1","contentUrl":"https:\/\/i0.wp.com\/erdogdu.com\/wp-content\/uploads\/2021\/08\/logi-e1631543914998.png?fit=314%2C80&ssl=1","width":314,"height":80,"caption":"Erdo\u011fdu Ayakkab\u0131 Malzemeleri"},"image":{"@id":"https:\/\/erdogdu.com\/#\/schema\/logo\/image\/"},"sameAs":["https:\/\/www.facebook.com\/erdogdugroup\/","https:\/\/x.com\/erdogdugroup","https:\/\/www.instagram.com\/ErdogduGroup\/","https:\/\/www.linkedin.com\/company\/erdogdu-group","https:\/\/www.youtube.com\/channel\/UCddPf6mjpkF60BNbV7X5glQ"]}]}},"_links":{"self":[{"href":"https:\/\/erdogdu.com\/en\/wp-json\/wp\/v2\/pages\/47","targetHints":{"allow":["GET"]}}],"collection":[{"href":"https:\/\/erdogdu.com\/en\/wp-json\/wp\/v2\/pages"}],"about":[{"href":"https:\/\/erdogdu.com\/en\/wp-json\/wp\/v2\/types\/page"}],"author":[{"embeddable":true,"href":"https:\/\/erdogdu.com\/en\/wp-json\/wp\/v2\/users\/2"}],"replies":[{"embeddable":true,"href":"https:\/\/erdogdu.com\/en\/wp-json\/wp\/v2\/comments?post=47"}],"version-history":[{"count":0,"href":"https:\/\/erdogdu.com\/en\/wp-json\/wp\/v2\/pages\/47\/revisions"}],"wp:attachment":[{"href":"https:\/\/erdogdu.com\/en\/wp-json\/wp\/v2\/media?parent=47"}],"curies":[{"name":"wp","href":"https:\/\/api.w.org\/{rel}","templated":true}]}}